{"id":57191,"date":"2024-03-21T16:30:55","date_gmt":"2024-03-21T15:30:55","guid":{"rendered":"https:\/\/www.cieffefilati.it?post_type=product&#038;p=57191"},"modified":"2025-04-30T17:25:11","modified_gmt":"2025-04-30T15:25:11","slug":"polibond-bianco-tnt-45-50-gr-cm-160x250-m","status":"publish","type":"product","link":"https:\/\/www.cieffefilati.it\/en\/prodotto\/polibond-bianco-tnt-45-50-gr-cm-160x250-m\/","title":{"rendered":"Polibond Bianco &#8211; TNT 45\/50 gr. cm 160X250 m"},"content":{"rendered":"<p>Il TNT o Polibond \u00e8 un supporto molto simile ai comuni stabilizzatori ma NON a strappo. Molto utile per essere utilizzato come base per Patch oppure come supporto interno se la Patch viene ricamata a punto pieno. Tuttavia il fatto che possa essere indeformabile risulta molto utile quando si ricama su tessuti difficoltosi e\/o elastici poich\u00e9 con tale prodotto il ricamo risulter\u00e0 sempre ben fatto e non si arriccer\u00e0 mantenendo sempre della solita stabilit\u00e0 per tutta la durata della sua lavorazione. Ovviamente questo prodotto a fine lavoro dovr\u00e0 essere tagliato. Spessore di 50 gr al metro quadro Colore Bianco. Rotolo cm 160&#215;250 m<\/p>\n","protected":false},"excerpt":{"rendered":"<p>Il TNT o Polibond \u00e8 un supporto molto simile ai comuni stabilizzatori ma NON a strappo. Molto utile per essere utilizzato come base per Patch [&hellip;]<\/p>\n","protected":false},"featured_media":41583,"template":"","meta":{"_acf_changed":false},"product_brand":[],"product_cat":[2283,62],"product_tag":[],"class_list":{"0":"post-57191","1":"product","2":"type-product","3":"status-publish","4":"has-post-thumbnail","6":"product_cat-tnt-polibond","7":"product_cat-accessori","9":"first","10":"instock","11":"taxable","12":"shipping-taxable","13":"purchasable","14":"product-type-simple"},"acf":[],"yoast_head":"<!-- This site is optimized with the Yoast SEO plugin v25.6 - https:\/\/yoast.com\/wordpress\/plugins\/seo\/ -->\n<title>Polibond Bianco - TNT 45\/50 gr. cm 160X250 m &#8211; Cieffe Filati<\/title>\n<meta name=\"description\" content=\"Il TNT o Polibond \u00e8 un supporto molto simile ai comuni stabilizzatori ma NON a strappo. Molto utile per essere utilizzato come base per Patch oppure come\" \/>\n<meta name=\"robots\" content=\"index, follow, max-snippet:-1, max-image-preview:large, max-video-preview:-1\" \/>\n<link rel=\"canonical\" href=\"https:\/\/www.cieffefilati.it\/en\/prodotto\/polibond-bianco-tnt-45-50-gr-cm-160x250-m\/\" \/>\n<meta name=\"twitter:label1\" content=\"Tempo di lettura stimato\" \/>\n\t<meta name=\"twitter:data1\" content=\"1 minuto\" \/>\n<script type=\"application\/ld+json\" class=\"yoast-schema-graph\">{\"@context\":\"https:\/\/schema.org\",\"@graph\":[{\"@type\":\"WebPage\",\"@id\":\"https:\/\/www.cieffefilati.it\/en\/prodotto\/polibond-bianco-tnt-45-50-gr-cm-160x250-m\/\",\"url\":\"https:\/\/www.cieffefilati.it\/en\/prodotto\/polibond-bianco-tnt-45-50-gr-cm-160x250-m\/\",\"name\":\"Polibond Bianco - TNT 45\/50 gr. cm 160X250 m &#8211; Cieffe Filati\",\"isPartOf\":{\"@id\":\"https:\/\/www.cieffefilati.it\/en\/#website\"},\"primaryImageOfPage\":{\"@id\":\"https:\/\/www.cieffefilati.it\/en\/prodotto\/polibond-bianco-tnt-45-50-gr-cm-160x250-m\/#primaryimage\"},\"image\":{\"@id\":\"https:\/\/www.cieffefilati.it\/en\/prodotto\/polibond-bianco-tnt-45-50-gr-cm-160x250-m\/#primaryimage\"},\"thumbnailUrl\":\"https:\/\/www.cieffefilati.it\/wp-content\/uploads\/2023\/04\/WhatsApp-Image-2024-01-18-at-14.36.41.jpeg\",\"datePublished\":\"2024-03-21T15:30:55+00:00\",\"dateModified\":\"2025-04-30T15:25:11+00:00\",\"description\":\"Il TNT o Polibond \u00e8 un supporto molto simile ai comuni stabilizzatori ma NON a strappo. Molto utile per essere utilizzato come base per Patch oppure come\",\"breadcrumb\":{\"@id\":\"https:\/\/www.cieffefilati.it\/en\/prodotto\/polibond-bianco-tnt-45-50-gr-cm-160x250-m\/#breadcrumb\"},\"inLanguage\":\"it-IT\",\"potentialAction\":[{\"@type\":\"ReadAction\",\"target\":[\"https:\/\/www.cieffefilati.it\/en\/prodotto\/polibond-bianco-tnt-45-50-gr-cm-160x250-m\/\"]}]},{\"@type\":\"ImageObject\",\"inLanguage\":\"it-IT\",\"@id\":\"https:\/\/www.cieffefilati.it\/en\/prodotto\/polibond-bianco-tnt-45-50-gr-cm-160x250-m\/#primaryimage\",\"url\":\"https:\/\/www.cieffefilati.it\/wp-content\/uploads\/2023\/04\/WhatsApp-Image-2024-01-18-at-14.36.41.jpeg\",\"contentUrl\":\"https:\/\/www.cieffefilati.it\/wp-content\/uploads\/2023\/04\/WhatsApp-Image-2024-01-18-at-14.36.41.jpeg\",\"width\":1125,\"height\":2000},{\"@type\":\"BreadcrumbList\",\"@id\":\"https:\/\/www.cieffefilati.it\/en\/prodotto\/polibond-bianco-tnt-45-50-gr-cm-160x250-m\/#breadcrumb\",\"itemListElement\":[{\"@type\":\"ListItem\",\"position\":1,\"name\":\"Home\",\"item\":\"https:\/\/www.cieffefilati.it\/en\/\"},{\"@type\":\"ListItem\",\"position\":2,\"name\":\"Shop\",\"item\":\"https:\/\/www.cieffefilati.it\/negozio\/\"},{\"@type\":\"ListItem\",\"position\":3,\"name\":\"Accessori\",\"item\":\"https:\/\/www.cieffefilati.it\/en\/categoria-prodotto\/accessori\/\"},{\"@type\":\"ListItem\",\"position\":4,\"name\":\"Tnt Polibond\",\"item\":\"https:\/\/www.cieffefilati.it\/en\/categoria-prodotto\/accessori\/tnt-polibond\/\"},{\"@type\":\"ListItem\",\"position\":5,\"name\":\"Polibond Bianco &#8211; TNT 45\/50 gr. cm 160X250 m\"}]},{\"@type\":\"WebSite\",\"@id\":\"https:\/\/www.cieffefilati.it\/en\/#website\",\"url\":\"https:\/\/www.cieffefilati.it\/en\/\",\"name\":\"Cieffe Filati\",\"description\":\"\",\"publisher\":{\"@id\":\"https:\/\/www.cieffefilati.it\/en\/#organization\"},\"potentialAction\":[{\"@type\":\"SearchAction\",\"target\":{\"@type\":\"EntryPoint\",\"urlTemplate\":\"https:\/\/www.cieffefilati.it\/en\/?s={search_term_string}\"},\"query-input\":{\"@type\":\"PropertyValueSpecification\",\"valueRequired\":true,\"valueName\":\"search_term_string\"}}],\"inLanguage\":\"it-IT\"},{\"@type\":\"Organization\",\"@id\":\"https:\/\/www.cieffefilati.it\/en\/#organization\",\"name\":\"Cieffe Filati\",\"url\":\"https:\/\/www.cieffefilati.it\/en\/\",\"logo\":{\"@type\":\"ImageObject\",\"inLanguage\":\"it-IT\",\"@id\":\"https:\/\/www.cieffefilati.it\/en\/#\/schema\/logo\/image\/\",\"url\":\"https:\/\/www.cieffefilati.it\/wp-content\/uploads\/2024\/09\/logo-cieffe-filati-1.png\",\"contentUrl\":\"https:\/\/www.cieffefilati.it\/wp-content\/uploads\/2024\/09\/logo-cieffe-filati-1.png\",\"width\":372,\"height\":58,\"caption\":\"Cieffe Filati\"},\"image\":{\"@id\":\"https:\/\/www.cieffefilati.it\/en\/#\/schema\/logo\/image\/\"}}]}<\/script>\n<!-- \/ Yoast SEO plugin. -->","yoast_head_json":{"title":"Polibond Bianco - TNT 45\/50 gr. cm 160X250 m &#8211; Cieffe Filati","description":"Il TNT o Polibond \u00e8 un supporto molto simile ai comuni stabilizzatori ma NON a strappo. Molto utile per essere utilizzato come base per Patch oppure come","robots":{"index":"index","follow":"follow","max-snippet":"max-snippet:-1","max-image-preview":"max-image-preview:large","max-video-preview":"max-video-preview:-1"},"canonical":"https:\/\/www.cieffefilati.it\/en\/prodotto\/polibond-bianco-tnt-45-50-gr-cm-160x250-m\/","twitter_misc":{"Tempo di lettura stimato":"1 minuto"},"schema":{"@context":"https:\/\/schema.org","@graph":[{"@type":"WebPage","@id":"https:\/\/www.cieffefilati.it\/en\/prodotto\/polibond-bianco-tnt-45-50-gr-cm-160x250-m\/","url":"https:\/\/www.cieffefilati.it\/en\/prodotto\/polibond-bianco-tnt-45-50-gr-cm-160x250-m\/","name":"Polibond Bianco - TNT 45\/50 gr. cm 160X250 m &#8211; Cieffe Filati","isPartOf":{"@id":"https:\/\/www.cieffefilati.it\/en\/#website"},"primaryImageOfPage":{"@id":"https:\/\/www.cieffefilati.it\/en\/prodotto\/polibond-bianco-tnt-45-50-gr-cm-160x250-m\/#primaryimage"},"image":{"@id":"https:\/\/www.cieffefilati.it\/en\/prodotto\/polibond-bianco-tnt-45-50-gr-cm-160x250-m\/#primaryimage"},"thumbnailUrl":"https:\/\/www.cieffefilati.it\/wp-content\/uploads\/2023\/04\/WhatsApp-Image-2024-01-18-at-14.36.41.jpeg","datePublished":"2024-03-21T15:30:55+00:00","dateModified":"2025-04-30T15:25:11+00:00","description":"Il TNT o Polibond \u00e8 un supporto molto simile ai comuni stabilizzatori ma NON a strappo. Molto utile per essere utilizzato come base per Patch oppure come","breadcrumb":{"@id":"https:\/\/www.cieffefilati.it\/en\/prodotto\/polibond-bianco-tnt-45-50-gr-cm-160x250-m\/#breadcrumb"},"inLanguage":"it-IT","potentialAction":[{"@type":"ReadAction","target":["https:\/\/www.cieffefilati.it\/en\/prodotto\/polibond-bianco-tnt-45-50-gr-cm-160x250-m\/"]}]},{"@type":"ImageObject","inLanguage":"it-IT","@id":"https:\/\/www.cieffefilati.it\/en\/prodotto\/polibond-bianco-tnt-45-50-gr-cm-160x250-m\/#primaryimage","url":"https:\/\/www.cieffefilati.it\/wp-content\/uploads\/2023\/04\/WhatsApp-Image-2024-01-18-at-14.36.41.jpeg","contentUrl":"https:\/\/www.cieffefilati.it\/wp-content\/uploads\/2023\/04\/WhatsApp-Image-2024-01-18-at-14.36.41.jpeg","width":1125,"height":2000},{"@type":"BreadcrumbList","@id":"https:\/\/www.cieffefilati.it\/en\/prodotto\/polibond-bianco-tnt-45-50-gr-cm-160x250-m\/#breadcrumb","itemListElement":[{"@type":"ListItem","position":1,"name":"Home","item":"https:\/\/www.cieffefilati.it\/en\/"},{"@type":"ListItem","position":2,"name":"Shop","item":"https:\/\/www.cieffefilati.it\/negozio\/"},{"@type":"ListItem","position":3,"name":"Accessori","item":"https:\/\/www.cieffefilati.it\/en\/categoria-prodotto\/accessori\/"},{"@type":"ListItem","position":4,"name":"Tnt Polibond","item":"https:\/\/www.cieffefilati.it\/en\/categoria-prodotto\/accessori\/tnt-polibond\/"},{"@type":"ListItem","position":5,"name":"Polibond Bianco &#8211; TNT 45\/50 gr. cm 160X250 m"}]},{"@type":"WebSite","@id":"https:\/\/www.cieffefilati.it\/en\/#website","url":"https:\/\/www.cieffefilati.it\/en\/","name":"Cieffe Filati","description":"","publisher":{"@id":"https:\/\/www.cieffefilati.it\/en\/#organization"},"potentialAction":[{"@type":"SearchAction","target":{"@type":"EntryPoint","urlTemplate":"https:\/\/www.cieffefilati.it\/en\/?s={search_term_string}"},"query-input":{"@type":"PropertyValueSpecification","valueRequired":true,"valueName":"search_term_string"}}],"inLanguage":"it-IT"},{"@type":"Organization","@id":"https:\/\/www.cieffefilati.it\/en\/#organization","name":"Cieffe Filati","url":"https:\/\/www.cieffefilati.it\/en\/","logo":{"@type":"ImageObject","inLanguage":"it-IT","@id":"https:\/\/www.cieffefilati.it\/en\/#\/schema\/logo\/image\/","url":"https:\/\/www.cieffefilati.it\/wp-content\/uploads\/2024\/09\/logo-cieffe-filati-1.png","contentUrl":"https:\/\/www.cieffefilati.it\/wp-content\/uploads\/2024\/09\/logo-cieffe-filati-1.png","width":372,"height":58,"caption":"Cieffe Filati"},"image":{"@id":"https:\/\/www.cieffefilati.it\/en\/#\/schema\/logo\/image\/"}}]}},"_links":{"self":[{"href":"https:\/\/www.cieffefilati.it\/en\/wp-json\/wp\/v2\/product\/57191","targetHints":{"allow":["GET"]}}],"collection":[{"href":"https:\/\/www.cieffefilati.it\/en\/wp-json\/wp\/v2\/product"}],"about":[{"href":"https:\/\/www.cieffefilati.it\/en\/wp-json\/wp\/v2\/types\/product"}],"wp:featuredmedia":[{"embeddable":true,"href":"https:\/\/www.cieffefilati.it\/en\/wp-json\/wp\/v2\/media\/41583"}],"wp:attachment":[{"href":"https:\/\/www.cieffefilati.it\/en\/wp-json\/wp\/v2\/media?parent=57191"}],"wp:term":[{"taxonomy":"product_brand","embeddable":true,"href":"https:\/\/www.cieffefilati.it\/en\/wp-json\/wp\/v2\/product_brand?post=57191"},{"taxonomy":"product_cat","embeddable":true,"href":"https:\/\/www.cieffefilati.it\/en\/wp-json\/wp\/v2\/product_cat?post=57191"},{"taxonomy":"product_tag","embeddable":true,"href":"https:\/\/www.cieffefilati.it\/en\/wp-json\/wp\/v2\/product_tag?post=57191"}],"curies":[{"name":"wp","href":"https:\/\/api.w.org\/{rel}","templated":true}]}}